{"id":1029,"date":"2023-05-30T10:12:29","date_gmt":"2023-05-30T08:12:29","guid":{"rendered":"https:\/\/fabelf.de\/gta-portal\/?page_id=1029"},"modified":"2023-05-30T10:12:29","modified_gmt":"2023-05-30T08:12:29","slug":"die-personensuche-fuer-kommunale-schultraeger","status":"publish","type":"page","link":"https:\/\/fabelf.de\/gta-portal\/ueber-fabelf\/fabelf-fuer-kommunale-schultraeger\/die-personensuche-fuer-kommunale-schultraeger\/","title":{"rendered":"Die Personensuche f\u00fcr kommunale Schultr\u00e4ger"},"content":{"rendered":"\n<p>Ein wichtiger Aufgabenbereich der kommunalen Schultr\u00e4ger bei der Organisation und Verwaltung von Ganztagsangeboten (GTA) ist das Monitoring \u00fcber die abgeschlossenen Honorarvertr\u00e4ge zwischen Schultr\u00e4ger, Schule und GTA-Schaffenden. Um die hohe Anzahl an unterschiedlichen Honorarvertr\u00e4gen \u00fcberblicken zu k\u00f6nnen, wurde in FABelF eine Personensuche eingerichtet.<\/p>\n\n\n\n<p>Die Personensuche erm\u00f6glicht die Eingabe der Namen von Honorarvertragsnehmern, welche aus der Datenbank von FABelF gefiltert werden. Diese \u00dcbersicht steht jedem kommunalen Schultr\u00e4ger f\u00fcr seine, in FABelF eingepflegten Honorarvertr\u00e4ge, zur Verf\u00fcgung. Der Schultr\u00e4ger kann mit dieser Funktion mehrere Aufgaben bearbeiten. Neben der einfachen Pr\u00fcfung, ob mit Personen bzw. Institutionen Honorarvertr\u00e4ge existieren, an welcher Schule mit welchem GTA, kann gleichfalls eingesehen werden, ob die Honorarvertr\u00e4ge gewisse Grenzen (z.B. f\u00fcr Sozialabgaben) \u00fcberschritten haben.<br>Eine Besonderheit der Personensuche ist es, dass sie auf die Anzeige der anfallenden Summen im haush\u00e4lterischen Kalenderjahr eingestellt ist und damit schuljahres\u00fcberschreitend funktioniert. Dadurch k\u00f6nnen Betr\u00e4ge im Kalenderjahr berechnet werden. Nach der Eingabe eines Namens kann die Anzeige dann folgenderma\u00dfen aussehen:<\/p>\n\n\n\n<figure class=\"wp-block-image size-large\"><img loading=\"lazy\" decoding=\"async\" width=\"1024\" height=\"185\" src=\"https:\/\/fabelf.de\/gta-portal\/wp-content\/uploads\/2023\/05\/Personensuche-Schule-Beispiel-1024x185.jpg\" alt=\"\" class=\"wp-image-1030\" srcset=\"https:\/\/fabelf.de\/gta-portal\/wp-content\/uploads\/2023\/05\/Personensuche-Schule-Beispiel-1024x185.jpg 1024w, https:\/\/fabelf.de\/gta-portal\/wp-content\/uploads\/2023\/05\/Personensuche-Schule-Beispiel-300x54.jpg 300w, https:\/\/fabelf.de\/gta-portal\/wp-content\/uploads\/2023\/05\/Personensuche-Schule-Beispiel-768x139.jpg 768w, https:\/\/fabelf.de\/gta-portal\/wp-content\/uploads\/2023\/05\/Personensuche-Schule-Beispiel-1536x278.jpg 1536w, https:\/\/fabelf.de\/gta-portal\/wp-content\/uploads\/2023\/05\/Personensuche-Schule-Beispiel-1568x283.jpg 1568w, https:\/\/fabelf.de\/gta-portal\/wp-content\/uploads\/2023\/05\/Personensuche-Schule-Beispiel.jpg 1892w\" sizes=\"auto, (max-width: 1024px) 100vw, 1024px\" \/><figcaption class=\"wp-element-caption\">Ausschnitt aus der Personensuche (Daten fiktiv)<\/figcaption><\/figure>\n\n\n\n<p>In der Box links oben kann das Kalenderjahr der Personensuche eingestellt werden. Direkt daneben befindet sich die Eingabe f\u00fcr einen Namen. Die Suche wird durch das Dr\u00fccken des Buttons \u201eSuchen\u201c oder durch die Enter-Taste gestartet. Rechts daneben befindet sich der Button \u201eHonorarkraftliste\u201c, diese Liste wird weiter unten in diesem Dokument beschrieben.<\/p>\n\n\n\n<p>Nach der Eingabe des Namens sucht FABelF alle Honorarvertr\u00e4ge zum entsprechenden Namen heraus. Die Namen der Honorarvertragspartner werden untereinander angezeigt. F\u00fcr den Schultr\u00e4ger in Dresden ist unter dem Namen der Person ein rtf-Dokument hinterlegt, dass den GTA-Schaffenden \u00fcber potenzielle Sozialversicherungsabgaben informiert bzw. seinen Status als Selbstst\u00e4ndiger abfragt.<br>Unter der Namenzeile werden alle GTAs angezeigt, zu denen ein Honorarvertrag vorliegt und welche in das gesuchte Kalenderjahr fallen. In diesem Beispielfall sind dies zwei GTAs f\u00fcr den fiktiven Honorarnehmer Schulze. In der oben Zeile wird der Angebotsname angezeigt und die Schule. Diese Zeile f\u00fchrt mit einer Linkfunktion zum jeweiligen Angebot direkt in das entsprechende Schuljahr der Schule in FABelF. Darunter befinden sich Informationen zum Honorarvertragstyp und zum Datum des im Programm vermerkten F\u00fchrungszeugnisses. Rechts daneben wird das Schuljahr angezeigt und die Summen in den jeweiligen Jahresscheiben. Fett vermerkt sind die jeweiligen Summen der gesuchten Kalenderjahresh\u00e4lfte. Darunter wird die Summe f\u00fcr das entsprechende Kalenderjahr zusammengefasst.<\/p>\n\n\n\n<p><strong>Honorarkraftliste<\/strong><\/p>\n\n\n\n<p>Die Honorarkraftliste gibt in einem Excel lesbaren Dokument eine komplette \u00dcbersicht \u00fcber alle Honorarvertr\u00e4ge eines Schultr\u00e4gers sowie deren Summen pro Jahrescheibe eines Kalenderjahres aus.<\/p>\n\n\n\n<p>Zwei weitere \u00dcbersichtsdarstellungen sollen die Arbeit des Schultr\u00e4gers vereinfachen.<\/p>\n\n\n\n<figure class=\"wp-block-image size-full\"><img loading=\"lazy\" decoding=\"async\" width=\"742\" height=\"178\" src=\"https:\/\/fabelf.de\/gta-portal\/wp-content\/uploads\/2023\/05\/Personensuche-Kontrolluebersicht.jpg\" alt=\"\" class=\"wp-image-1031\" srcset=\"https:\/\/fabelf.de\/gta-portal\/wp-content\/uploads\/2023\/05\/Personensuche-Kontrolluebersicht.jpg 742w, https:\/\/fabelf.de\/gta-portal\/wp-content\/uploads\/2023\/05\/Personensuche-Kontrolluebersicht-300x72.jpg 300w\" sizes=\"auto, (max-width: 742px) 100vw, 742px\" \/><figcaption class=\"wp-element-caption\">Ausschnitt aus der Men\u00fcfuktion Personensuche<\/figcaption><\/figure>\n\n\n\n<p><strong>Kontroll\u00fcbersicht<\/strong><\/p>\n\n\n\n<p>In der Kontroll\u00fcbersicht wird f\u00fcr jedes Schuljahr und jede Schule des kommunalen Schultr\u00e4gers ein pdf-Dokument erstellt, welches die Honorarvertr\u00e4ge auflistet.<\/p>\n\n\n\n<figure class=\"wp-block-image size-large\"><img loading=\"lazy\" decoding=\"async\" width=\"1024\" height=\"174\" src=\"https:\/\/fabelf.de\/gta-portal\/wp-content\/uploads\/2023\/05\/Personensuche-Kontrolluebersicht-Inhalt-1024x174.jpg\" alt=\"\" class=\"wp-image-1032\" srcset=\"https:\/\/fabelf.de\/gta-portal\/wp-content\/uploads\/2023\/05\/Personensuche-Kontrolluebersicht-Inhalt-1024x174.jpg 1024w, https:\/\/fabelf.de\/gta-portal\/wp-content\/uploads\/2023\/05\/Personensuche-Kontrolluebersicht-Inhalt-300x51.jpg 300w, https:\/\/fabelf.de\/gta-portal\/wp-content\/uploads\/2023\/05\/Personensuche-Kontrolluebersicht-Inhalt-768x131.jpg 768w, https:\/\/fabelf.de\/gta-portal\/wp-content\/uploads\/2023\/05\/Personensuche-Kontrolluebersicht-Inhalt.jpg 1076w\" sizes=\"auto, (max-width: 1024px) 100vw, 1024px\" \/><figcaption class=\"wp-element-caption\">Ausschnitt aus einer Kontroll\u00fcbersicht einer fiktiven Testschule<\/figcaption><\/figure>\n\n\n\n<p><strong>F\u00fchrungszeugnisse<\/strong><\/p>\n\n\n\n<p>In der \u00dcbersicht F\u00fchrungszeugnisse werden die Ausstelldaten aller vorhandenen und von den Schulen vermerkten F\u00fchrungszeugnisse f\u00fcr die betreffenden GTA-Schaffenden aufgelistet.<\/p>\n","protected":false},"excerpt":{"rendered":"<p>Ein wichtiger Aufgabenbereich der kommunalen Schultr\u00e4ger bei der Organisation und Verwaltung von Ganztagsangeboten (GTA) ist das Monitoring \u00fcber die abgeschlossenen Honorarvertr\u00e4ge zwischen Schultr\u00e4ger, Schule und GTA-Schaffenden. Um die hohe Anzahl an unterschiedlichen Honorarvertr\u00e4gen \u00fcberblicken zu k\u00f6nnen, wurde in FABelF eine Personensuche eingerichtet. Die Personensuche erm\u00f6glicht die Eingabe der Namen von Honorarvertragsnehmern, welche aus der Datenbank&hellip; <a class=\"more-link\" href=\"https:\/\/fabelf.de\/gta-portal\/ueber-fabelf\/fabelf-fuer-kommunale-schultraeger\/die-personensuche-fuer-kommunale-schultraeger\/\"><span class=\"screen-reader-text\">Die Personensuche f\u00fcr kommunale Schultr\u00e4ger<\/span> weiterlesen<\/a><\/p>\n","protected":false},"author":2,"featured_media":0,"parent":147,"menu_order":0,"comment_status":"closed","ping_status":"closed","template":"","meta":{"footnotes":""},"class_list":["post-1029","page","type-page","status-publish","hentry","entry"],"_links":{"self":[{"href":"https:\/\/fabelf.de\/gta-portal\/wp-json\/wp\/v2\/pages\/1029","targetHints":{"allow":["GET"]}}],"collection":[{"href":"https:\/\/fabelf.de\/gta-portal\/wp-json\/wp\/v2\/pages"}],"about":[{"href":"https:\/\/fabelf.de\/gta-portal\/wp-json\/wp\/v2\/types\/page"}],"author":[{"embeddable":true,"href":"https:\/\/fabelf.de\/gta-portal\/wp-json\/wp\/v2\/users\/2"}],"replies":[{"embeddable":true,"href":"https:\/\/fabelf.de\/gta-portal\/wp-json\/wp\/v2\/comments?post=1029"}],"version-history":[{"count":1,"href":"https:\/\/fabelf.de\/gta-portal\/wp-json\/wp\/v2\/pages\/1029\/revisions"}],"predecessor-version":[{"id":1033,"href":"https:\/\/fabelf.de\/gta-portal\/wp-json\/wp\/v2\/pages\/1029\/revisions\/1033"}],"up":[{"embeddable":true,"href":"https:\/\/fabelf.de\/gta-portal\/wp-json\/wp\/v2\/pages\/147"}],"wp:attachment":[{"href":"https:\/\/fabelf.de\/gta-portal\/wp-json\/wp\/v2\/media?parent=1029"}],"curies":[{"name":"wp","href":"https:\/\/api.w.org\/{rel}","templated":true}]}}