{"id":112,"date":"2021-05-28T10:38:38","date_gmt":"2021-05-28T08:38:38","guid":{"rendered":"https:\/\/fabelf.de\/gta-portal\/?page_id=112"},"modified":"2023-05-07T20:49:42","modified_gmt":"2023-05-07T18:49:42","slug":"einstieg-in-ganztagsangebote","status":"publish","type":"page","link":"https:\/\/fabelf.de\/gta-portal\/einstieg-in-ganztagsangebote\/","title":{"rendered":"Einstieg in Ganztagsangebote"},"content":{"rendered":"\n<p>Ganztagsangebote sind nicht einfach da, sie erfordern Organisation, Kreativit\u00e4t und Arbeit aller Beteiligter, angefangen vom GTA-Koordinator*innen, \u00fcber Sch\u00fcler, Eltern, Lehrer bis zu den Anbietern von GTA und den kommunalen Schultr\u00e4gern. <\/p>\n\n\n\n<p>H\u00e4ufig erscheint der Start in GTA komplex und verwirrend, egal ob es es um die Etablierung an einer Schule handelt, ob ein neuer Mitarbeiter die Verantwortung f\u00fcr GTA \u00fcbernimmt, oder eine Person ein GTA anbieten m\u00f6chte. Viele Regeln und Bestimmungen, Termine und Dokumente scheinen den Weg zu verkomplizieren. FABelF, als GTA-Portal hat sich zum Ziel gesetzt, Hinweise, Tipps und wichtige Informationen f\u00fcr den Einstieg in GTA geben. Aus unseren Erfahrungen und der Mitarbeit der kommunalen Schultr\u00e4ger und Schulen sollen Ihnen hier Leitf\u00e4den pr\u00e4sentiert werden, mit denen Sie sicher und gezielt GTA anbieten k\u00f6nnen.  <\/p>\n\n\n\n<p>Die hier gesammelten Informationen werden st\u00e4ndig aktualisiert und auf dem laufende gehalten und sollen in der Zukunft f\u00fcr m\u00f6glichst viele Akteure im bereich GTA angeboten werden.<\/p>\n\n\n\n<h3 class=\"wp-block-heading\" id=\"leitfaden-fur-einsteiger-in-gta\">Leitf\u00e4den f\u00fcr Einsteiger in GTA:<\/h3>\n\n\n\n<div class=\"wp-block-columns is-layout-flex wp-container-core-columns-is-layout-9d6595d7 wp-block-columns-is-layout-flex\">\n<div class=\"wp-block-column is-layout-flow wp-block-column-is-layout-flow\">\n<div class=\"wp-block-columns is-layout-flex wp-container-core-columns-is-layout-9d6595d7 wp-block-columns-is-layout-flex\">\n<div class=\"wp-block-column is-layout-flow wp-block-column-is-layout-flow\">\n<p> <strong>Leitfaden Dresden:<\/strong><br>f\u00fcr Einstieger aller Schulen, die \u00fcber das Schulverwaltungsamt Dresden GTA beantragen. <\/p>\n\n\n\n<div data-wp-interactive=\"core\/file\" class=\"wp-block-file\"><object data-wp-bind--hidden=\"!state.hasPdfPreview\" hidden class=\"wp-block-file__embed\" data=\"https:\/\/fabelf.de\/gta-portal\/wp-content\/uploads\/2023\/05\/Erste-Schritte-fuer-Neueinsteiger-ins-Programm-FABelF-DD-2023.pdf\" type=\"application\/pdf\" style=\"width:100%;height:210px\" aria-label=\"Einbettung von Erste-Schritte-fuer-Neueinsteiger-ins-Programm-FABelF-DD-2023.\"><\/object><a id=\"wp-block-file--media-8d720da3-d7c6-4aac-9316-285d28cc1d9f\" href=\"https:\/\/fabelf.de\/gta-portal\/wp-content\/uploads\/2023\/05\/Erste-Schritte-fuer-Neueinsteiger-ins-Programm-FABelF-DD-2023.pdf\">Erste-Schritte-fuer-Neueinsteiger-ins-Programm-FABelF-DD-2023<\/a><a href=\"https:\/\/fabelf.de\/gta-portal\/wp-content\/uploads\/2023\/05\/Erste-Schritte-fuer-Neueinsteiger-ins-Programm-FABelF-DD-2023.pdf\" class=\"wp-block-file__button wp-element-button\" download aria-describedby=\"wp-block-file--media-8d720da3-d7c6-4aac-9316-285d28cc1d9f\">Herunterladen<\/a><\/div>\n<\/div>\n\n\n\n<div class=\"wp-block-column is-layout-flow wp-block-column-is-layout-flow\">\n<p><strong>Leitfaden Leipzig:<\/strong><br>f\u00fcr Einsteiger aller Schulen, die \u00fcber die Stadt Leipzig GTA beantragen.<\/p>\n\n\n\n<div data-wp-interactive=\"core\/file\" class=\"wp-block-file\"><object data-wp-bind--hidden=\"!state.hasPdfPreview\" hidden class=\"wp-block-file__embed\" data=\"https:\/\/fabelf.de\/gta-portal\/wp-content\/uploads\/2021\/09\/Erste-Schritte-fuer-Neueinsteiger-ins-Programm-FABelF-L-921-1.pdf\" type=\"application\/pdf\" style=\"width:100%;height:230px\" aria-label=\"Einbettung von als pdf - Dokument zum:.\"><\/object><a id=\"wp-block-file--media-5b6d08ea-f852-49b6-99ea-2b75353f5023\" href=\"https:\/\/fabelf.de\/gta-portal\/wp-content\/uploads\/2021\/09\/Erste-Schritte-fuer-Neueinsteiger-ins-Programm-FABelF-L-921-1.pdf\">als pdf &#8211; Dokument zum:<\/a><a href=\"https:\/\/fabelf.de\/gta-portal\/wp-content\/uploads\/2021\/09\/Erste-Schritte-fuer-Neueinsteiger-ins-Programm-FABelF-L-921-1.pdf\" class=\"wp-block-file__button wp-element-button\" download aria-describedby=\"wp-block-file--media-5b6d08ea-f852-49b6-99ea-2b75353f5023\">Herunterladen<\/a><\/div>\n<\/div>\n<\/div>\n<\/div>\n<\/div>\n\n\n\n<h3 class=\"wp-block-heading\" id=\"einstieg-in-fabelf\">Einstieg in FABelF:<\/h3>\n\n\n\n<p><a href=\"https:\/\/fabelf.de\/gta-portal\/einstieg-in-ganztagsangebote\/erste-schritte-in-fabelf\/\" data-type=\"page\" data-id=\"224\">Wenn Sie schnell mit FABelF beginnen wollen, dann soll dieser Leitfaden Ihnen das Programm in 5 Schritten erkl\u00e4ren.<sub> <\/sub><\/a><br><sub>Alle Schulen, die \u00fcber die St\u00e4dte Dresden oder Leipzig GTA beantragen, nutzen als Einstieg bitte die oben verlinkten Dokumente. <\/sub><\/p>\n","protected":false},"excerpt":{"rendered":"<p>Ganztagsangebote sind nicht einfach da, sie erfordern Organisation, Kreativit\u00e4t und Arbeit aller Beteiligter, angefangen vom GTA-Koordinator*innen, \u00fcber Sch\u00fcler, Eltern, Lehrer bis zu den Anbietern von GTA und den kommunalen Schultr\u00e4gern. H\u00e4ufig erscheint der Start in GTA komplex und verwirrend, egal ob es es um die Etablierung an einer Schule handelt, ob ein neuer Mitarbeiter die&hellip; <a class=\"more-link\" href=\"https:\/\/fabelf.de\/gta-portal\/einstieg-in-ganztagsangebote\/\"><span class=\"screen-reader-text\">Einstieg in Ganztagsangebote<\/span> weiterlesen<\/a><\/p>\n","protected":false},"author":2,"featured_media":0,"parent":0,"menu_order":0,"comment_status":"closed","ping_status":"closed","template":"","meta":{"footnotes":""},"class_list":["post-112","page","type-page","status-publish","hentry","entry"],"_links":{"self":[{"href":"https:\/\/fabelf.de\/gta-portal\/wp-json\/wp\/v2\/pages\/112","targetHints":{"allow":["GET"]}}],"collection":[{"href":"https:\/\/fabelf.de\/gta-portal\/wp-json\/wp\/v2\/pages"}],"about":[{"href":"https:\/\/fabelf.de\/gta-portal\/wp-json\/wp\/v2\/types\/page"}],"author":[{"embeddable":true,"href":"https:\/\/fabelf.de\/gta-portal\/wp-json\/wp\/v2\/users\/2"}],"replies":[{"embeddable":true,"href":"https:\/\/fabelf.de\/gta-portal\/wp-json\/wp\/v2\/comments?post=112"}],"version-history":[{"count":15,"href":"https:\/\/fabelf.de\/gta-portal\/wp-json\/wp\/v2\/pages\/112\/revisions"}],"predecessor-version":[{"id":1019,"href":"https:\/\/fabelf.de\/gta-portal\/wp-json\/wp\/v2\/pages\/112\/revisions\/1019"}],"wp:attachment":[{"href":"https:\/\/fabelf.de\/gta-portal\/wp-json\/wp\/v2\/media?parent=112"}],"curies":[{"name":"wp","href":"https:\/\/api.w.org\/{rel}","templated":true}]}}