{"id":1195,"date":"2024-04-24T17:05:05","date_gmt":"2024-04-24T15:05:05","guid":{"rendered":"https:\/\/fabelf.de\/gta-portal\/?page_id=1195"},"modified":"2024-11-22T12:53:01","modified_gmt":"2024-11-22T11:53:01","slug":"gta-monitor","status":"publish","type":"page","link":"https:\/\/fabelf.de\/gta-portal\/gta-statistik\/gta-monitor\/","title":{"rendered":"GTA-Monitor"},"content":{"rendered":"\n<p>Der GTA-Monitor ist ein Projekt der FABelF GTA-Statistik und bezieht sich auf die M\u00f6glichkeit aus den vorhandenen Daten des GTA-Verwaltungsprogramms FABelF, Aussagen zu Ganztagsangeboten in Sachsen treffen zu k\u00f6nnen.<\/p>\n\n\n\n<p>Allgemeine Informationen zur FABelF <a href=\"https:\/\/fabelf.de\/gta-portal\/gta-statistik\/\" data-type=\"page\" data-id=\"803\">GTA-Statistik finden Sie in diesem Artikel.<\/a> Die folgenden Zeilen m\u00f6chten die Potentiale und M\u00f6glichkeiten einer GTA-Statistik vorstellen, wie Sie ein GTA Monitor bereitstellen k\u00f6nnte.<\/p>\n\n\n\n<p>Das GTA-Verwaltungsprogramm FABelF bearbeitet f\u00fcr die Verwaltung von Ganztagsangeboten in Sachsen notwendigerweise Daten. Diese Daten \u2013 unter strengem Schutz von Datenschutzrichtlinien und Anonymit\u00e4t der Schulen und GTA-Schaffenden \u2013 k\u00f6nnen nicht nur f\u00fcr verwaltungstechnische Aufgaben benutzt werden, sondern enthalten ebenfalls die M\u00f6glichkeit Aussagen \u00fcber die entstandene GTA-Landschaft zu treffen. Vielf\u00e4ltige Anwendungsbereiche sind dabei denkbar, beispielsweise als Zuarbeit f\u00fcr wissenschaftliche Arbeiten \u00fcber den Ganztag oder als eigene wissenschaftliche Ausarbeitung \u00fcber die GTA-Bildungslandschaft.<br>Beim letztgenannten Punkt sind einmal j\u00e4hrlich erscheinende Monitoringbericht durchf\u00fchrbar. Ein solches Berichtswesen kann Schulen zur Orientierung der eigenen Ausrichtung dienen, indem er Vergleichswerte einer Bildungslandschaft anbietet. Damit w\u00fcrden die Anwendungsfelder der GTA-Statistik f\u00fcr Schulen mit einem allgemeinen GTA-Monitoring sinnvoll gekoppelt werden. Er kann im gr\u00f6\u00dferen Rahmen aber auch Aussagen \u00fcber Strukturen, Inhalte und Dynamiken einer GTA-Landschaft anbieten.<\/p>\n\n\n\n<p>Grob vereinfacht k\u00f6nnen folgende Themenschwerpunkte mit Daten aufbereitet werden:<\/p>\n\n\n\n<ul class=\"wp-block-list\">\n<li>Die Finanzierung von GTA, welche Mittel stehen Schulen durchschnittlich zur Verf\u00fcgung und wie werden diese Mittel ausgenutzt?<\/li>\n\n\n\n<li>Welche inhaltlichen Schwerpunkte besetzen Schulen bei GTA in Sachsen? Die Inhalte k\u00f6nnen dann spezifisch vertieft werden beispielsweise mit Fragen wie:<ul><li>Lernen und GTA \u2013 welche Schwerpunkte im Lernbereich werden durch GTA gesetzt?<\/li><\/ul>\n<ul class=\"wp-block-list\">\n<li>Sport und GTA \u2013 welche Bewegungs- und Sportangebote gibt es in den s\u00e4chsischen Ganztagsangeboten?<\/li>\n\n\n\n<li>Sport und GTA \u2013 welche Bewegungs- und Sportangebote gibt es in den s\u00e4chsischen Ganztagsangeboten?<\/li>\n<\/ul>\n<\/li>\n\n\n\n<li>Wer erschafft GTA? Einblicke in die unterschiedliche Verteilung von GTA-Schaffenden und GTA-Inhalten.<\/li>\n\n\n\n<li>Wie entwickelt sich GTA? \u00dcber mehrere Schuljahre betrachtet k\u00f6nnen Einblicke in die Inhaltliche und finanzielle Dynamik von GTA ermittelt werden, beispielsweise zu Fragen wie:<ul><li>Wie ver\u00e4ndern sich die Gruppen von GTA-Anbietenden?<\/li><\/ul>\n<ul class=\"wp-block-list\">\n<li>Welche Inhalte gewinnen an Bedeutung im Ganztag?<\/li>\n<\/ul>\n<\/li>\n<\/ul>\n\n\n\n<p><a href=\"https:\/\/fabelf.de\/gta-portal\/gta-statistik\/gta-monitor\/aussagemoeglichkeiten-und-datensaetze-des-gta-monitors\/\" data-type=\"page\" data-id=\"1350\">Die Leistungsf\u00e4higkeit der vorhandenen Daten und ihre methodischen Auswertbarkeit werden in diesem Artikel dargestellt<\/a>.<\/p>\n\n\n\n<p>F\u00fcr Anfragen zum Thema FABelF GTA-Monitor wenden Sie sich bitte an:<br>Tom Fr\u00f6hlich \u2013 Programmleiter FABelF<br>Mail: <a href=\"mailto:info@fabelf.de\">info@fabelf.de<\/a><br>Tel.: 0157 8775 2079<\/p>\n\n\n\n<p><\/p>\n\n\n\n<h2 class=\"wp-block-heading\"><\/h2>\n","protected":false},"excerpt":{"rendered":"<p>Der GTA-Monitor ist ein Projekt der FABelF GTA-Statistik und bezieht sich auf die M\u00f6glichkeit aus den vorhandenen Daten des GTA-Verwaltungsprogramms FABelF, Aussagen zu Ganztagsangeboten in Sachsen treffen zu k\u00f6nnen. Allgemeine Informationen zur FABelF GTA-Statistik finden Sie in diesem Artikel. Die folgenden Zeilen m\u00f6chten die Potentiale und M\u00f6glichkeiten einer GTA-Statistik vorstellen, wie Sie ein GTA Monitor&hellip; <a class=\"more-link\" href=\"https:\/\/fabelf.de\/gta-portal\/gta-statistik\/gta-monitor\/\"><span class=\"screen-reader-text\">GTA-Monitor<\/span> weiterlesen<\/a><\/p>\n","protected":false},"author":2,"featured_media":0,"parent":803,"menu_order":0,"comment_status":"closed","ping_status":"closed","template":"","meta":{"footnotes":""},"class_list":["post-1195","page","type-page","status-publish","hentry","entry"],"_links":{"self":[{"href":"https:\/\/fabelf.de\/gta-portal\/wp-json\/wp\/v2\/pages\/1195","targetHints":{"allow":["GET"]}}],"collection":[{"href":"https:\/\/fabelf.de\/gta-portal\/wp-json\/wp\/v2\/pages"}],"about":[{"href":"https:\/\/fabelf.de\/gta-portal\/wp-json\/wp\/v2\/types\/page"}],"author":[{"embeddable":true,"href":"https:\/\/fabelf.de\/gta-portal\/wp-json\/wp\/v2\/users\/2"}],"replies":[{"embeddable":true,"href":"https:\/\/fabelf.de\/gta-portal\/wp-json\/wp\/v2\/comments?post=1195"}],"version-history":[{"count":17,"href":"https:\/\/fabelf.de\/gta-portal\/wp-json\/wp\/v2\/pages\/1195\/revisions"}],"predecessor-version":[{"id":1357,"href":"https:\/\/fabelf.de\/gta-portal\/wp-json\/wp\/v2\/pages\/1195\/revisions\/1357"}],"up":[{"embeddable":true,"href":"https:\/\/fabelf.de\/gta-portal\/wp-json\/wp\/v2\/pages\/803"}],"wp:attachment":[{"href":"https:\/\/fabelf.de\/gta-portal\/wp-json\/wp\/v2\/media?parent=1195"}],"curies":[{"name":"wp","href":"https:\/\/api.w.org\/{rel}","templated":true}]}}