{"id":224,"date":"2021-06-10T11:41:39","date_gmt":"2021-06-10T09:41:39","guid":{"rendered":"https:\/\/fabelf.de\/gta-portal\/?page_id=224"},"modified":"2025-05-20T09:46:14","modified_gmt":"2025-05-20T07:46:14","slug":"erste-schritte-in-fabelf","status":"publish","type":"page","link":"https:\/\/fabelf.de\/gta-portal\/einstieg-in-ganztagsangebote\/erste-schritte-in-fabelf\/","title":{"rendered":"Erste Schritte in FABelF"},"content":{"rendered":"\n<p>FABelF ist ein internetgest\u00fctztes Programm zur Unterst\u00fctzung der Durchf\u00fchrung von Ganztagsangeboten (GTA) an s\u00e4chsischen Schulen, welches vom Betreiber froeh.net f\u00fcr Schulen, Schultr\u00e4ger und Schulf\u00f6rdervereine entwickelt wurde.<\/p>\n\n\n\n<p>F\u00fcr Schulen, die \u00fcber die St\u00e4dte Dresden bzw. Leipzig mit der Arbeit in GTA und FABelF einsteigen, stehen jeweils eigene Leitf\u00e4den zur Verf\u00fcgung. In diesem Dokument soll Ihnen ganz allgemein der Einstieg ins Programm und die Arbeit mit GTA in f\u00fcnf ersten Schritten dargestellt werden.<\/p>\n\n\n\n<h3 class=\"wp-block-heading\">1. Schritt: Registrierung<\/h3>\n\n\n\n<p>Bevor Sie die Arbeit in FABelF beginnen, muss in einem 1. Schritt ein Schulkonto im Programm angelegt werden. Benutzen Sie hierf\u00fcr das Men\u00fc Registrierung oder wenden Sie sich an das FABelF-Team von froeh.net unter: <a href=\"mailto:info@fabelf.de\">info@fabelf.de<\/a> bzw. 0157 8775 2079.<\/p>\n\n\n\n<h3 class=\"wp-block-heading\">2. Schritt: Rahmendaten definieren<\/h3>\n\n\n\n<p>Nach der erfolgreichen Registrierung k\u00f6nnen Sie sich mit der von Ihnen gew\u00e4hlten E-Mailadresse und Passwort bei FABelF anmelden. Nach der Anmeldung gelangen Sie zum Startbildschirm. Auch wenn Sie das Programm bisher nicht benutzt haben, werden dort mehrere Schuljahre angezeigt, alle mit dem Vermerk \u201eNeu\u201c. Bitte w\u00e4hlen Sie das aktuelle Schuljahr aus. Nun \u00f6ffnet sich ein Men\u00fc, in welchem Sie die schulrelevanten Daten einpflegen.<\/p>\n\n\n\n<figure class=\"wp-block-image size-large is-style-default\"><img loading=\"lazy\" decoding=\"async\" width=\"1024\" height=\"517\" src=\"https:\/\/fabelf.de\/gta-portal\/wp-content\/uploads\/2021\/06\/Abrechnung-Einstellungen-Menue-gelb-Zuwendung-1024x517.jpg\" alt=\"\" class=\"wp-image-197\" srcset=\"https:\/\/fabelf.de\/gta-portal\/wp-content\/uploads\/2021\/06\/Abrechnung-Einstellungen-Menue-gelb-Zuwendung-1024x517.jpg 1024w, https:\/\/fabelf.de\/gta-portal\/wp-content\/uploads\/2021\/06\/Abrechnung-Einstellungen-Menue-gelb-Zuwendung-300x151.jpg 300w, https:\/\/fabelf.de\/gta-portal\/wp-content\/uploads\/2021\/06\/Abrechnung-Einstellungen-Menue-gelb-Zuwendung-768x388.jpg 768w, https:\/\/fabelf.de\/gta-portal\/wp-content\/uploads\/2021\/06\/Abrechnung-Einstellungen-Menue-gelb-Zuwendung-1536x775.jpg 1536w, https:\/\/fabelf.de\/gta-portal\/wp-content\/uploads\/2021\/06\/Abrechnung-Einstellungen-Menue-gelb-Zuwendung-1568x792.jpg 1568w, https:\/\/fabelf.de\/gta-portal\/wp-content\/uploads\/2021\/06\/Abrechnung-Einstellungen-Menue-gelb-Zuwendung.jpg 1872w\" sizes=\"auto, (max-width: 1024px) 100vw, 1024px\" \/><figcaption class=\"wp-element-caption\">Abb1.: Schuldaten Eingabe<\/figcaption><\/figure>\n\n\n\n<p>Die hier geleisteten Eingaben zur Schule definieren die Arbeitsgrundlage f\u00fcr die Verwaltung der Ganztagsangebote. Einige Felder sind mit einem * gekennzeichnet. Diese Felder sind bitte unbedingt auszuf\u00fcllen. Besonders wichtig f\u00fcr die Abrechnungsfunktion des Programms ist die Summe des Zuweisungsbescheides f\u00fcr die GTA-Mittel, die im Schuljahr zur Verf\u00fcgung stehen (im Bild oben gelb markiert). Auch ohne eingetragene Zuweisungssumme ist die Planung von Ganztagsangeboten jederzeit m\u00f6glich, da FABelF als Planungs- und Abrechnungsprogramm funktioniert.<\/p>\n\n\n\n<h3 class=\"wp-block-heading\">3. Schritt: Ganztagsangebote anlegen<\/h3>\n\n\n\n<p>Die Planung der GTA f\u00fcr das jeweilige Schuljahr verl\u00e4uft in FABelF \u00fcber eine einfache Oberfl\u00e4che: dem Kurs- und Kostenmanagement. Hier k\u00f6nnen alle Angebote geplant, verwaltet und abgerechnet werden. Am oberen Bildrand finden Sie eine ausklappbare Zusammenfassung der Planungs- und Abrechnungssummen des Schuljahres.<\/p>\n\n\n\n<figure class=\"wp-block-image size-large\"><img loading=\"lazy\" decoding=\"async\" width=\"1024\" height=\"339\" src=\"https:\/\/fabelf.de\/gta-portal\/wp-content\/uploads\/2025\/05\/Zusammenfassung-neu-Uebersicht-Sachsen-1024x339.jpg\" alt=\"\" class=\"wp-image-1427\" srcset=\"https:\/\/fabelf.de\/gta-portal\/wp-content\/uploads\/2025\/05\/Zusammenfassung-neu-Uebersicht-Sachsen-1024x339.jpg 1024w, https:\/\/fabelf.de\/gta-portal\/wp-content\/uploads\/2025\/05\/Zusammenfassung-neu-Uebersicht-Sachsen-300x99.jpg 300w, https:\/\/fabelf.de\/gta-portal\/wp-content\/uploads\/2025\/05\/Zusammenfassung-neu-Uebersicht-Sachsen-768x254.jpg 768w, https:\/\/fabelf.de\/gta-portal\/wp-content\/uploads\/2025\/05\/Zusammenfassung-neu-Uebersicht-Sachsen-1536x508.jpg 1536w, https:\/\/fabelf.de\/gta-portal\/wp-content\/uploads\/2025\/05\/Zusammenfassung-neu-Uebersicht-Sachsen-1568x519.jpg 1568w, https:\/\/fabelf.de\/gta-portal\/wp-content\/uploads\/2025\/05\/Zusammenfassung-neu-Uebersicht-Sachsen.jpg 1668w\" sizes=\"auto, (max-width: 1024px) 100vw, 1024px\" \/><figcaption class=\"wp-element-caption\">Abb. 2: finanzielle Zusammenfassung des Schuljahres<\/figcaption><\/figure>\n\n\n\n<p>Im unteren rechten Bildrand erscheint ein roter Button: \u201e<em>neues Angebot hinzuf\u00fcgen<\/em>\u201c Dieser Button ist zu bet\u00e4tigen, um Ganztagsangebote im Programm anzulegen.<\/p>\n\n\n\n<p>Mit einem Klick auf den Button \u201e<em>neues Angebot hinzuf\u00fcgen<\/em>\u201c, erscheint eine Eingabemaske, in der detaillierte Rahmendaten zum Inhalt des Angebots definiert werden k\u00f6nnen. Haben Sie alle gew\u00fcnschten Eingaben gemacht, dr\u00fccken Sie rechts oben auf <em>\u201eSpeichern\u201c<\/em>!<em> <\/em>Nun erscheint der Kurs mit allen Inhaltsangaben.<\/p>\n\n\n\n<figure class=\"wp-block-image size-large is-style-default\"><img loading=\"lazy\" decoding=\"async\" width=\"1024\" height=\"294\" src=\"https:\/\/fabelf.de\/gta-portal\/wp-content\/uploads\/2021\/06\/Kurs-Eingabemaske-1024x294.jpg\" alt=\"\" class=\"wp-image-225\" srcset=\"https:\/\/fabelf.de\/gta-portal\/wp-content\/uploads\/2021\/06\/Kurs-Eingabemaske-1024x294.jpg 1024w, https:\/\/fabelf.de\/gta-portal\/wp-content\/uploads\/2021\/06\/Kurs-Eingabemaske-300x86.jpg 300w, https:\/\/fabelf.de\/gta-portal\/wp-content\/uploads\/2021\/06\/Kurs-Eingabemaske-768x221.jpg 768w, https:\/\/fabelf.de\/gta-portal\/wp-content\/uploads\/2021\/06\/Kurs-Eingabemaske-1536x441.jpg 1536w, https:\/\/fabelf.de\/gta-portal\/wp-content\/uploads\/2021\/06\/Kurs-Eingabemaske-1568x451.jpg 1568w, https:\/\/fabelf.de\/gta-portal\/wp-content\/uploads\/2021\/06\/Kurs-Eingabemaske.jpg 1719w\" sizes=\"auto, (max-width: 1024px) 100vw, 1024px\" \/><figcaption class=\"wp-element-caption\">Abb. 3: Eingabemaske Kurs<\/figcaption><\/figure>\n\n\n\n<p>Im n\u00e4chsten Schritt k\u00f6nnen Sie entscheiden, ob Sie Honorarkosten und\/oder Sachkosten f\u00fcr das entsprechende Angebot planen wollen. Dr\u00fccken Sie daf\u00fcr auf den Button <em>\u201eKostenart hinzuf\u00fcgen<\/em>\u201c und w\u00e4hlen Sie im sich \u00f6ffnenden Men\u00fc, die gew\u00fcnschte Kostenart (\u201eSachausgaben\u201c; \u201eHonorarausgaben Standard\u201c; \u201eHonorarausgaben Kooperationspartner\u201c oder \u201eHonorarausgaben Lehrer\u201c) und best\u00e4tigen Sie die Auswahl.<\/p>\n\n\n\n<figure class=\"wp-block-image size-large is-style-default\"><img loading=\"lazy\" decoding=\"async\" width=\"1024\" height=\"176\" src=\"https:\/\/fabelf.de\/gta-portal\/wp-content\/uploads\/2021\/06\/Eingabemaske-Honorarkosten-1024x176.jpg\" alt=\"\" class=\"wp-image-226\" srcset=\"https:\/\/fabelf.de\/gta-portal\/wp-content\/uploads\/2021\/06\/Eingabemaske-Honorarkosten-1024x176.jpg 1024w, https:\/\/fabelf.de\/gta-portal\/wp-content\/uploads\/2021\/06\/Eingabemaske-Honorarkosten-300x52.jpg 300w, https:\/\/fabelf.de\/gta-portal\/wp-content\/uploads\/2021\/06\/Eingabemaske-Honorarkosten-768x132.jpg 768w, https:\/\/fabelf.de\/gta-portal\/wp-content\/uploads\/2021\/06\/Eingabemaske-Honorarkosten.jpg 1496w\" sizes=\"auto, (max-width: 1024px) 100vw, 1024px\" \/><figcaption class=\"wp-element-caption\">Abb. 4: Eingabemaske Honorarvertrag<\/figcaption><\/figure>\n\n\n\n<p>Je nach ausgew\u00e4hlter Kostenart erscheinen die entsprechenden Eingabemasken. Bei Honorarausgaben m\u00fcssen der Name, die Anzahl der Stunden pro Jahresh\u00e4lfte und der Stundensatz, sowie das Datum des F\u00fchrungszeugnisses eingetragen werden. Bei der Honorarausgabe f\u00fcr Kooperationspartner muss neben dem Namen des Kooperationspartners, noch zus\u00e4tzlich der Name der durchf\u00fchrenden Honorarkraft (ggf. auch mehrere) eingetragen werden. Nach dem Eintragen der Honorarvertr\u00e4ge k\u00f6nnen Sie sich den Vertrag ausdrucken. Gehen Sie daf\u00fcr auf den Button \u201e<em>Dokumente<\/em>\u201c und dann auf \u201e<em>Honorarvertrag<\/em>\u201c (weitere Informationen zu Honorarvertr\u00e4gen finden Sie in Schritt 5). Mit diesem Prozedere k\u00f6nnen sie alle GTA f\u00fcr das n\u00e4chste Schuljahr planen, mit Kostenans\u00e4tzen hinterlegen, Sachkosten einplanen und die entsprechenden Honorarvertr\u00e4ge vorbereiten.<\/p>\n\n\n\n<p>FABelF rechnet die geplanten Summen in der Zusammenfassung aus. Sobald die Zuweisungssummen eingetragen sind, ist in der Zeile \u201e<em>unverplante Restgelder<\/em>\u201c abzulesen, ob noch Mittel f\u00fcr weitere Kosten m\u00f6glich sind und verplant werden k\u00f6nnen (siehe Abb 2. Zusammenfassung).<\/p>\n\n\n\n<h3 class=\"wp-block-heading\">4. Schritt: Rechnungen eingeben<\/h3>\n\n\n\n<p>Nachdem die Planungen erfolgreich abgearbeitet sind, beginnt das neue Schuljahr und die ersten Rechnungen f\u00fcr GTA werden anfallen. F\u00fcr die Eingabe der Rechnungen, w\u00e4hlen Sie den entsprechenden Kostenansatz aus und bet\u00e4tigen Sie dort den Button \u201e<em>hinzuf\u00fcgen<\/em>\u201c. Daraufhin \u00f6ffnet sich eine Eingabemaske, in welchem Sie je nach ausgew\u00e4hlter Kostenart das Rechnungsdatum, den Artikelgegenstand (bei Sachkosten) oder den Abrechnungszeitraum (bei Honorarkosten) eintragen.<\/p>\n\n\n\n<p>FABelF speichert nun die Rechnung ab und subtrahiert automatisch den Rechnungsbetrag von der Planungssumme der GTA. Die Rechnung erscheint in der untersten Zeile des jeweiligen Kostenansatzes. Die Rechnungszeile kann in drei unterschiedlichen Farben erscheinen und verdeutlicht den Bearbeitungszustand der Rechnung. Hier erm\u00f6glicht FABelF die enge Zusammenarbeit zwischen GTA-Koordinator und Schatzmeister des F\u00f6rdervereins. Dieser hat die M\u00f6glichkeit die Farbe der Rechnungszeile zu ver\u00e4ndern um damit beispielsweise folgenden Bearbeitungsstatus anzugeben: rot = unbearbeitet, gelb = Rechnung befindet sich in Bearbeitung, gr\u00fcn = Rechnung wurde \u00fcberwiesen.<\/p>\n\n\n\n<figure class=\"wp-block-image size-large\"><img loading=\"lazy\" decoding=\"async\" width=\"1024\" height=\"236\" src=\"https:\/\/fabelf.de\/gta-portal\/wp-content\/uploads\/2023\/04\/Rechnungsbons-2-1024x236.jpg\" alt=\"\" class=\"wp-image-1002\" srcset=\"https:\/\/fabelf.de\/gta-portal\/wp-content\/uploads\/2023\/04\/Rechnungsbons-2-1024x236.jpg 1024w, https:\/\/fabelf.de\/gta-portal\/wp-content\/uploads\/2023\/04\/Rechnungsbons-2-300x69.jpg 300w, https:\/\/fabelf.de\/gta-portal\/wp-content\/uploads\/2023\/04\/Rechnungsbons-2-768x177.jpg 768w, https:\/\/fabelf.de\/gta-portal\/wp-content\/uploads\/2023\/04\/Rechnungsbons-2.jpg 1505w\" sizes=\"auto, (max-width: 1024px) 100vw, 1024px\" \/><figcaption class=\"wp-element-caption\">Abb. 5: Rechnungszeilen eines Kostenansatzes<\/figcaption><\/figure>\n\n\n\n<h3 class=\"wp-block-heading\">5. Schritt: Unterst\u00fczungsfunktionen<\/h3>\n\n\n\n<p>FABelF hilft Ihnen nicht nur bei der finanziellen Verwaltung und Abrechnung von GTA, sondern h\u00e4lt au\u00dferdem zahlreiche weitere Funktionen bereit, die Ihnen die t\u00e4gliche Arbeit erleichtern. Die Auswahl an Dokumenten und Funktionen finden Sie auf dem Startbildschirm im jeweiligen Bereich des Schuljahres. Bedenken Sie: umso ausf\u00fchrlicher Sie die Eingaben bei den Inhalten der GTAs im Kurs- und Kostenmanagement durchgef\u00fchrt haben, umso hilfreicher sind alle Unterst\u00fctzungsfunktionen.<\/p>\n\n\n\n<figure class=\"wp-block-image size-large\"><img loading=\"lazy\" decoding=\"async\" width=\"1024\" height=\"484\" src=\"https:\/\/fabelf.de\/gta-portal\/wp-content\/uploads\/2025\/05\/Ausgabefunktionen-1-1024x484.jpg\" alt=\"\" class=\"wp-image-1429\" srcset=\"https:\/\/fabelf.de\/gta-portal\/wp-content\/uploads\/2025\/05\/Ausgabefunktionen-1-1024x484.jpg 1024w, https:\/\/fabelf.de\/gta-portal\/wp-content\/uploads\/2025\/05\/Ausgabefunktionen-1-300x142.jpg 300w, https:\/\/fabelf.de\/gta-portal\/wp-content\/uploads\/2025\/05\/Ausgabefunktionen-1-768x363.jpg 768w, https:\/\/fabelf.de\/gta-portal\/wp-content\/uploads\/2025\/05\/Ausgabefunktionen-1.jpg 1306w\" sizes=\"auto, (max-width: 1024px) 100vw, 1024px\" \/><figcaption class=\"wp-element-caption\">Abb. 6: Ausgabefunktionen<\/figcaption><\/figure>\n\n\n\n<p>Sie finden dort die <strong>Angebots\u00fcbersicht<\/strong>, die Ihnen alle geplanten GTA-Kurse in tabellarischer Form anzeigt. Sie k\u00f6nnen dieses Word-Dokument selbst editieren und beispielsweise als Anmeldeformular f\u00fcr GTA verwenden. Darunter befindet sich die Funktion <strong>Honorarvertr\u00e4ge. <\/strong>Wenn Sie diese anklicken, wird Ihnen ein Men\u00fc angezeigt, dass alle Kurse mit den entsprechend hinterlegten Honorarvertr\u00e4gen auflistet. F\u00fcr alle von Ihnen eingegebenen Honorarnehmer entwirft Ihnen FABelF automatisch ein Honorarvertragsmuster. Da FABelF keine weiterf\u00fchrenden personenbezogenen Daten speichert (wie Kontodaten oder Anschriften der Honorarnehmer etc.), m\u00fcssen diese von Ihnen erg\u00e4nzt werden, weshalb es sich empfiehlt, vor dem Ausdrucken der Honorarvertr\u00e4ge eine Sicherheitskopie auf dem von Ihnen verwendeten Computer vorzunehmen (wir empfehlen Ihnen einen Ordner \u201eGTA\u201c auf Ihrem PC einzurichten). Weitere nutzbare Funktionen sind <strong>Teilnehmerlisten und Arbeitszeitkarte. <\/strong>Mit der Teilnehmerliste l\u00e4sst sich die Anwesenheit der Sch\u00fcler protokolieren. Die Arbeitszeitkarte bietet die M\u00f6glichkeit, die Arbeit Ihrer Honorarnehmer festzuhalten. Bei beiden Funktionen ist eine Textdatei hinterlegt, die Sie herunterladen und auf Ihrem PC bearbeiten, ausdrucken und speichern k\u00f6nnen. \u00dcber die Funktion <strong>Ausgaben\u00fcbersicht<\/strong> (PDF-Dokument) stellt Ihnen FABelF zwei detaillierte Auflistung Ihrer Kosten zusammen. Mit der Liste \u201e<strong>Geplante Ausgaben\u00fcbersicht<\/strong>\u201c k\u00f6nnen Sie z. B. der Schulkonferenz einen Finanzplan des gesamten GTA-Schuljahres zur Abstimmung vorlegen. Die Liste enth\u00e4lt folgende Variablen: Angebotsname und -dauer, Wochentag und Uhrzeit, Klassenstufe und Kooperationspartner sowie den jeweiligen Einsatz von Sach- und Honorarmitteln. Die Liste \u201e<strong>Ausgabenliste mit aktuellem Stand<\/strong>\u201c erg\u00e4nzt diese Angaben mit den Angaben, wieviel Geld im Moment f\u00fcr die jeweiligen GTAs verausgabt wurden. Diese Angaben eignen sich sehr gut zum Res\u00fcmee des Schuljahres. Der <strong>Verwendungsnachweis<\/strong> muss nach Aufforderung des Amtes f\u00fcr Schule von Ihnen ausgedruckt und unterschrieben werden und dient zur Abrechnung des GTA-Schuljahres und als Nachweis gegen\u00fcber der S\u00e4chsischen Aufbaubank. Die <strong>chronologischen Listen<\/strong> nach Rechnungs- bzw. Buchungsdatum werden zus\u00e4tzlich vom Amt f\u00fcr Schule als Nachweis f\u00fcr die S\u00e4chsischen Aufbaubank verwendet. Die <strong>Statistik &#8211; Funktion <\/strong>erm\u00f6glicht Ihnen einen erweiterten Blick unter Ber\u00fccksichtigung der inhaltlichen Verteilung Ihrer Angebote. <\/p>\n\n\n\n<p>Alle Dokumente der Unterst\u00fczungsfunktionen k\u00f6nnen Ihnen in unterschiedlichen Aspekten der Verwaltung und Darstellung der Ganztagsangebote an Ihrer Schule helfen. Sie k\u00f6nnen neben der Eigenkontrolle auch f\u00fcr die Darstellung der Arbeit in der schulischen \u00d6ffentlichkeit verwendet werden. <\/p>\n","protected":false},"excerpt":{"rendered":"<p>FABelF ist ein internetgest\u00fctztes Programm zur Unterst\u00fctzung der Durchf\u00fchrung von Ganztagsangeboten (GTA) an s\u00e4chsischen Schulen, welches vom Betreiber froeh.net f\u00fcr Schulen, Schultr\u00e4ger und Schulf\u00f6rdervereine entwickelt wurde. F\u00fcr Schulen, die \u00fcber die St\u00e4dte Dresden bzw. Leipzig mit der Arbeit in GTA und FABelF einsteigen, stehen jeweils eigene Leitf\u00e4den zur Verf\u00fcgung. In diesem Dokument soll Ihnen ganz&hellip; <a class=\"more-link\" href=\"https:\/\/fabelf.de\/gta-portal\/einstieg-in-ganztagsangebote\/erste-schritte-in-fabelf\/\"><span class=\"screen-reader-text\">Erste Schritte in FABelF<\/span> weiterlesen<\/a><\/p>\n","protected":false},"author":2,"featured_media":0,"parent":112,"menu_order":0,"comment_status":"closed","ping_status":"closed","template":"","meta":{"footnotes":""},"class_list":["post-224","page","type-page","status-publish","hentry","entry"],"_links":{"self":[{"href":"https:\/\/fabelf.de\/gta-portal\/wp-json\/wp\/v2\/pages\/224","targetHints":{"allow":["GET"]}}],"collection":[{"href":"https:\/\/fabelf.de\/gta-portal\/wp-json\/wp\/v2\/pages"}],"about":[{"href":"https:\/\/fabelf.de\/gta-portal\/wp-json\/wp\/v2\/types\/page"}],"author":[{"embeddable":true,"href":"https:\/\/fabelf.de\/gta-portal\/wp-json\/wp\/v2\/users\/2"}],"replies":[{"embeddable":true,"href":"https:\/\/fabelf.de\/gta-portal\/wp-json\/wp\/v2\/comments?post=224"}],"version-history":[{"count":5,"href":"https:\/\/fabelf.de\/gta-portal\/wp-json\/wp\/v2\/pages\/224\/revisions"}],"predecessor-version":[{"id":1432,"href":"https:\/\/fabelf.de\/gta-portal\/wp-json\/wp\/v2\/pages\/224\/revisions\/1432"}],"up":[{"embeddable":true,"href":"https:\/\/fabelf.de\/gta-portal\/wp-json\/wp\/v2\/pages\/112"}],"wp:attachment":[{"href":"https:\/\/fabelf.de\/gta-portal\/wp-json\/wp\/v2\/media?parent=224"}],"curies":[{"name":"wp","href":"https:\/\/api.w.org\/{rel}","templated":true}]}}