{"id":7,"date":"2021-05-24T17:39:54","date_gmt":"2021-05-24T15:39:54","guid":{"rendered":"https:\/\/fabelf.de\/gta-portal\/?page_id=7"},"modified":"2025-11-25T11:49:36","modified_gmt":"2025-11-25T10:49:36","slug":"ueber-fabelf","status":"publish","type":"page","link":"https:\/\/fabelf.de\/gta-portal\/ueber-fabelf\/","title":{"rendered":"\u00dcber FABelF"},"content":{"rendered":"\n<p class=\"has-text-align-left\">FABelF ist ein internetgest\u00fctztes Verwaltungsprogramm f\u00fcr Ganztagsangebote und kann sowohl von Schulen, als auch von kommunalen Schultr\u00e4gern benutzt werden.<\/p>\n\n\n\n<div class=\"wp-block-columns is-layout-flex wp-container-core-columns-is-layout-9d6595d7 wp-block-columns-is-layout-flex\">\n<div class=\"wp-block-column is-layout-flow wp-block-column-is-layout-flow\">\n<figure class=\"wp-block-image size-large is-resized\"><a href=\"https:\/\/fabelf.de\/gta-portal\/ueber-fabelf\/warum-fabelf-benutzen\/\"><img decoding=\"async\" src=\"https:\/\/fabelf.de\/gta-portal\/wp-content\/uploads\/2021\/05\/Logo-Warum-FABelF.jpg\" alt=\"\" class=\"wp-image-69\" style=\"width:185px;height:224px\"\/><\/a><\/figure>\n<\/div>\n\n\n\n<div class=\"wp-block-column is-layout-flow wp-block-column-is-layout-flow\">\n<p class=\"has-text-align-left\">Warum FABelF f\u00fcr Sie ein n\u00fctzliches Werkzeug sein kann, erfahren sie in diesem Text. Hier erfahren Sie welche Zielgruppen FABelF anspricht und welche Anwendungsversionen verf\u00fcgbar sind.<\/p>\n<\/div>\n<\/div>\n\n\n\n<h3 class=\"wp-block-heading\">Zielgruppen von FABelF<\/h3>\n\n\n\n<p>Weiterf\u00fchrende Informationen f\u00fcr die beiden gro\u00dfen Zielgruppen Schulen bzw. Schulf\u00f6rdervereine auf der einen Seite und kommunale Schul\u00e4mter bzw. Schultr\u00e4ger auf der anderen Seite erhalten sie in den folgenden Dokumenten. Zur besseren Einordnung steht Ihnen auch eine Darstellung der FABelF Geschichte zur Verf\u00fcgung.<\/p>\n\n\n\n<div class=\"wp-block-columns is-layout-flex wp-container-core-columns-is-layout-9d6595d7 wp-block-columns-is-layout-flex\">\n<div class=\"wp-block-column is-layout-flow wp-block-column-is-layout-flow\">\n<figure class=\"wp-block-image size-large is-resized\"><a href=\"https:\/\/fabelf.de\/gta-portal\/ueber-fabelf\/fabelf-fuer-schulen-und-foerdervereine\/\"><img loading=\"lazy\" decoding=\"async\" width=\"170\" height=\"202\" src=\"https:\/\/fabelf.de\/gta-portal\/wp-content\/uploads\/2021\/05\/Logo-Schulen-SFV.jpg\" alt=\"\" class=\"wp-image-64\" style=\"aspect-ratio:0.8421052631578947;width:168px;height:auto\"\/><\/a><\/figure>\n<\/div>\n\n\n\n<div class=\"wp-block-column is-layout-flow wp-block-column-is-layout-flow\">\n<figure class=\"wp-block-image size-large is-resized\"><a href=\"https:\/\/fabelf.de\/gta-portal\/ueber-fabelf\/fabelf-fuer-kommunale-schultraeger\/\"><img loading=\"lazy\" decoding=\"async\" width=\"170\" height=\"204\" src=\"https:\/\/fabelf.de\/gta-portal\/wp-content\/uploads\/2021\/05\/Logo-Aemter.jpg\" alt=\"\" class=\"wp-image-65\" style=\"width:170px;height:auto\"\/><\/a><\/figure>\n<\/div>\n\n\n\n<div class=\"wp-block-column is-layout-flow wp-block-column-is-layout-flow\">\n<figure class=\"wp-block-image size-full is-resized\"><a href=\"https:\/\/fabelf.de\/gta-portal\/ueber-fabelf\/geschichte-von-fabelf\/\"><img loading=\"lazy\" decoding=\"async\" width=\"171\" height=\"209\" src=\"https:\/\/fabelf.de\/gta-portal\/wp-content\/uploads\/2025\/11\/image007.jpg\" alt=\"\" class=\"wp-image-1538\" style=\"width:170px;height:auto\"\/><\/a><\/figure>\n<\/div>\n<\/div>\n\n\n\n<h3 class=\"wp-block-heading\">Hilfe und Service<\/h3>\n\n\n\n<p>F\u00fcr das Programm FABelF gibt es eine Reihe von Hilfsangeboten. Nat\u00fcrlich steht ein komplettes Bedienungshandbuch zur Verf\u00fcgung, sowie eine schnelle Einstiegshilfe f\u00fcr Erste Schritte im Programm und eine FAQ-Seite, welche h\u00e4ufig gestellte Fragen beantwortet. Sie finden alle diese Angebote unter der Seite: Hilfe. Unsere Servicepalette soll die Arbeit mit GTA verbessern. Mehr Informationen finden Sie hier:<\/p>\n\n\n\n<div class=\"wp-block-columns is-layout-flex wp-container-core-columns-is-layout-9d6595d7 wp-block-columns-is-layout-flex\">\n<div class=\"wp-block-column is-layout-flow wp-block-column-is-layout-flow\">\n<figure class=\"wp-block-image size-large is-resized is-style-default\"><a href=\"https:\/\/fabelf.de\/gta-portal\/hilfe\/\"><img loading=\"lazy\" decoding=\"async\" width=\"160\" height=\"194\" src=\"https:\/\/fabelf.de\/gta-portal\/wp-content\/uploads\/2021\/06\/hilfe.jpg\" alt=\"\" class=\"wp-image-173\" style=\"width:184px;height:223px\"\/><\/a><\/figure>\n<\/div>\n\n\n\n<div class=\"wp-block-column is-layout-flow wp-block-column-is-layout-flow\">\n<figure class=\"wp-block-image size-large is-resized is-style-default\"><a href=\"https:\/\/fabelf.de\/gta-portal\/service\/\"><img loading=\"lazy\" decoding=\"async\" width=\"160\" height=\"194\" src=\"https:\/\/fabelf.de\/gta-portal\/wp-content\/uploads\/2021\/06\/service.jpg\" alt=\"\" class=\"wp-image-174\" style=\"width:188px;height:228px\"\/><\/a><\/figure>\n<\/div>\n<\/div>\n","protected":false},"excerpt":{"rendered":"<p>FABelF ist ein internetgest\u00fctztes Verwaltungsprogramm f\u00fcr Ganztagsangebote und kann sowohl von Schulen, als auch von kommunalen Schultr\u00e4gern benutzt werden. Warum FABelF f\u00fcr Sie ein n\u00fctzliches Werkzeug sein kann, erfahren sie in diesem Text. Hier erfahren Sie welche Zielgruppen FABelF anspricht und welche Anwendungsversionen verf\u00fcgbar sind. Zielgruppen von FABelF Weiterf\u00fchrende Informationen f\u00fcr die beiden gro\u00dfen Zielgruppen&hellip; <a class=\"more-link\" href=\"https:\/\/fabelf.de\/gta-portal\/ueber-fabelf\/\"><span class=\"screen-reader-text\">\u00dcber FABelF<\/span> weiterlesen<\/a><\/p>\n","protected":false},"author":2,"featured_media":0,"parent":0,"menu_order":0,"comment_status":"closed","ping_status":"closed","template":"","meta":{"footnotes":""},"class_list":["post-7","page","type-page","status-publish","hentry","entry"],"_links":{"self":[{"href":"https:\/\/fabelf.de\/gta-portal\/wp-json\/wp\/v2\/pages\/7","targetHints":{"allow":["GET"]}}],"collection":[{"href":"https:\/\/fabelf.de\/gta-portal\/wp-json\/wp\/v2\/pages"}],"about":[{"href":"https:\/\/fabelf.de\/gta-portal\/wp-json\/wp\/v2\/types\/page"}],"author":[{"embeddable":true,"href":"https:\/\/fabelf.de\/gta-portal\/wp-json\/wp\/v2\/users\/2"}],"replies":[{"embeddable":true,"href":"https:\/\/fabelf.de\/gta-portal\/wp-json\/wp\/v2\/comments?post=7"}],"version-history":[{"count":18,"href":"https:\/\/fabelf.de\/gta-portal\/wp-json\/wp\/v2\/pages\/7\/revisions"}],"predecessor-version":[{"id":1544,"href":"https:\/\/fabelf.de\/gta-portal\/wp-json\/wp\/v2\/pages\/7\/revisions\/1544"}],"wp:attachment":[{"href":"https:\/\/fabelf.de\/gta-portal\/wp-json\/wp\/v2\/media?parent=7"}],"curies":[{"name":"wp","href":"https:\/\/api.w.org\/{rel}","templated":true}]}}