{"id":8,"date":"2021-05-24T17:39:54","date_gmt":"2021-05-24T15:39:54","guid":{"rendered":"https:\/\/fabelf.de\/gta-portal\/?page_id=8"},"modified":"2021-06-09T11:38:28","modified_gmt":"2021-06-09T09:38:28","slug":"kontakt","status":"publish","type":"page","link":"https:\/\/fabelf.de\/gta-portal\/kontakt\/","title":{"rendered":"Impressum"},"content":{"rendered":"\n<p>Inhaber der Domain www.fabelf.de sowie Verantwortliche nach \u00a7 6 MDStV und \u00a7 8 TDG:<\/p>\n\n\n\n<p><strong>Betreiber:<\/strong><br>froeh.net &#8211; Tom Fr\u00f6hlich<br>Plauenscher Ring 36<br>01187 Dresden<\/p>\n\n\n\n<p><strong>Kontakt:<\/strong><br>Telefon: 0157 8775 2079<br>E-Mail: info@fabelf.de<\/p>\n\n\n\n<p><strong>Haftung f\u00fcr Inhalte<br><\/strong><br>Die Inhalte unserer Seiten wurden mit gr\u00f6\u00dfter Sorgfalt erstellt. F\u00fcr die Richtigkeit, Vollst\u00e4ndigkeit und Aktualit\u00e4t der Inhalte k\u00f6nnen wir jedoch keine Gew\u00e4hr \u00fcbernehmen.<br>&nbsp;<strong><br>Haftung f\u00fcr Links<br><br><\/strong>Unser Angebot enth\u00e4lt Links zu externen Webseiten Dritter, auf deren Inhalte wir keinen Einfluss haben. Deshalb k\u00f6nnen wir f\u00fcr diese fremden Inhalte auch keine Gew\u00e4hr \u00fcbernehmen. F\u00fcr die Inhalte der verlinkten Seiten ist stets der jeweilige Anbieter oder Betreiber der Seiten verantwortlich. Die verlinkten Seiten wurden zum Zeitpunkt der Verlinkung auf m\u00f6gliche Rechtsverst\u00f6\u00dfe \u00fcberpr\u00fcft. Rechtswidrige Inhalte waren zum Zeitpunkt der Verlinkung nicht erkennbar. Eine permanente inhaltliche Kontrolle der verlinkten Seiten ist jedoch ohne konkrete Anhaltspunkte einer Rechtsverletzung nicht zumutbar. Bei bekannt werden von Rechtsverletzungen werden wir derartige Links umgehend entfernen. Senden Sie bitte eine Email und geben Sie bitte den Versto\u00df und die URL an.<br><strong><br>Datenschutz<\/strong><br><br>Soweit auf unseren Seiten personenbezogene Daten (beispielsweise Name, Anschrift oder E-Mail-Adressen) erhoben werden, erfolgt dies soweit m\u00f6glich stets auf freiwilliger Basis. Die Nutzung der Angebote und Dienste ist, soweit m\u00f6glich, stets ohne Angabe personenbezogener Daten m\u00f6glich. Der Nutzung von im Rahmen der Impressumspflicht ver\u00f6ffentlichten Kontaktdaten durch Dritte zur \u00dcbersendung von nicht ausdr\u00fccklich angeforderter Werbung und Informationsmaterialien wird hiermit ausdr\u00fccklich widersprochen. Die Betreiber der Seiten behalten sich ausdr\u00fccklich rechtliche Schritte im Falle der unverlangten Zusendung von Werbeinformationen, etwa durch Spam-Mails, vor.<\/p>\n","protected":false},"excerpt":{"rendered":"<p>Inhaber der Domain www.fabelf.de sowie Verantwortliche nach \u00a7 6 MDStV und \u00a7 8 TDG: Betreiber:froeh.net &#8211; Tom Fr\u00f6hlichPlauenscher Ring 3601187 Dresden Kontakt:Telefon: 0157 8775 2079E-Mail: info@fabelf.de Haftung f\u00fcr InhalteDie Inhalte unserer Seiten wurden mit gr\u00f6\u00dfter Sorgfalt erstellt. F\u00fcr die Richtigkeit, Vollst\u00e4ndigkeit und Aktualit\u00e4t der Inhalte k\u00f6nnen wir jedoch keine Gew\u00e4hr \u00fcbernehmen.&nbsp;Haftung f\u00fcr Links Unser Angebot&hellip; <a class=\"more-link\" href=\"https:\/\/fabelf.de\/gta-portal\/kontakt\/\"><span class=\"screen-reader-text\">Impressum<\/span> weiterlesen<\/a><\/p>\n","protected":false},"author":2,"featured_media":0,"parent":0,"menu_order":0,"comment_status":"closed","ping_status":"closed","template":"","meta":{"footnotes":""},"class_list":["post-8","page","type-page","status-publish","hentry","entry"],"_links":{"self":[{"href":"https:\/\/fabelf.de\/gta-portal\/wp-json\/wp\/v2\/pages\/8","targetHints":{"allow":["GET"]}}],"collection":[{"href":"https:\/\/fabelf.de\/gta-portal\/wp-json\/wp\/v2\/pages"}],"about":[{"href":"https:\/\/fabelf.de\/gta-portal\/wp-json\/wp\/v2\/types\/page"}],"author":[{"embeddable":true,"href":"https:\/\/fabelf.de\/gta-portal\/wp-json\/wp\/v2\/users\/2"}],"replies":[{"embeddable":true,"href":"https:\/\/fabelf.de\/gta-portal\/wp-json\/wp\/v2\/comments?post=8"}],"version-history":[{"count":4,"href":"https:\/\/fabelf.de\/gta-portal\/wp-json\/wp\/v2\/pages\/8\/revisions"}],"predecessor-version":[{"id":209,"href":"https:\/\/fabelf.de\/gta-portal\/wp-json\/wp\/v2\/pages\/8\/revisions\/209"}],"wp:attachment":[{"href":"https:\/\/fabelf.de\/gta-portal\/wp-json\/wp\/v2\/media?parent=8"}],"curies":[{"name":"wp","href":"https:\/\/api.w.org\/{rel}","templated":true}]}}