{"id":861,"date":"2023-01-19T10:49:37","date_gmt":"2023-01-19T09:49:37","guid":{"rendered":"https:\/\/fabelf.de\/gta-portal\/?page_id=861"},"modified":"2026-04-30T09:06:05","modified_gmt":"2026-04-30T07:06:05","slug":"fabelf-praxistipps-fuer-schultraeger","status":"publish","type":"page","link":"https:\/\/fabelf.de\/gta-portal\/hilfe\/fabelf-praxistipps-fuer-schultraeger\/","title":{"rendered":"FABelF Praxistipps f\u00fcr Schultr\u00e4ger"},"content":{"rendered":"\n<p>Auf dieser Seite werden f\u00fcr unsere Nutzenden in den kommunalen Schultr\u00e4gern einige Praxistipps f\u00fcr die schnelle und korrekte Anwendung von FABelF vorgestellt:<\/p>\n\n\n\n<h2 class=\"wp-block-heading\">Arbeit mit Honorarvertr\u00e4gen<\/h2>\n\n\n\n<ul class=\"wp-block-list\">\n<li><a href=\"https:\/\/fabelf.de\/gta-portal\/der-umgang-mit-honorvertraegen-im-laufe-des-schuljahres-in-fabelf-eine-kleine-anleitung\/\" data-type=\"post\" data-id=\"1625\">Anleitung zum Umgang mit Honorarvertr\u00e4gen im Laufe eines Schuljahres<\/a><\/li>\n\n\n\n<li><a href=\"https:\/\/fabelf.de\/gta-portal\/dresden-umwidmung-der-honorarvertraege-aktiviert\/\" data-type=\"post\" data-id=\"475\">Umwidmungsfunktion von Honorarvertr\u00e4gen<\/a> (Dresden)<\/li>\n\n\n\n<li><a href=\"https:\/\/fabelf.de\/gta-portal\/umwidmungsfunktion-in-leipzig-aktiviert\/\" data-type=\"post\" data-id=\"831\">Umwidmungsfunktion von Honorarvertr\u00e4gen (Leip<\/a>zig)<\/li>\n\n\n\n<li><a href=\"https:\/\/fabelf.de\/gta-portal\/ueber-fabelf\/fabelf-fuer-kommunale-schultraeger\/die-personensuche-fuer-kommunale-schultraeger\/\" data-type=\"page\" data-id=\"1029\">Die Personensuche<\/a><\/li>\n<\/ul>\n\n\n\n<h2 class=\"wp-block-heading\">FABelF Funktionen im Detail<\/h2>\n\n\n\n<ul class=\"wp-block-list\">\n<li><a href=\"https:\/\/fabelf.de\/gta-portal\/zusammenarbeit-zwischen-schultraeger-und-schule-mit-fabelf-zeitliche-struktur\/\" data-type=\"post\" data-id=\"1596\">Das GTA Schuljahr im \u00dcberblick: Zeitstruktur in der Zusammenarbeit zwischen Schultr\u00e4ger und Schule<\/a><\/li>\n\n\n\n<li><a href=\"https:\/\/fabelf.de\/gta-portal\/neue-fabelf-funktionen-vorgestellt-jahresabschlussbutton\/\" data-type=\"post\" data-id=\"460\">Der Jahresabschlussbutton<\/a><\/li>\n\n\n\n<li><a href=\"https:\/\/fabelf.de\/gta-portal\/fabelf-funktionen-im-detail-die-finanzielle-uebersicht-des-schuljahres\/\" data-type=\"post\" data-id=\"815\">Die finanzielle \u00dcbersicht des Schuljahres<\/a><\/li>\n\n\n\n<li><a href=\"https:\/\/fabelf.de\/gta-portal\/hilfe\/fabelf-praxistipps\/die-benachrichtigungsfunktion\/\" data-type=\"page\" data-id=\"845\">Die Benachrichtigungsfunktion<\/a> <\/li>\n\n\n\n<li><a href=\"https:\/\/fabelf.de\/gta-portal\/update-rechnungsbonbearbeitung-verbessert\/\" data-type=\"post\" data-id=\"1004\">Rechnungsbons bearbeiten<\/a><\/li>\n<\/ul>\n","protected":false},"excerpt":{"rendered":"<p>Auf dieser Seite werden f\u00fcr unsere Nutzenden in den kommunalen Schultr\u00e4gern einige Praxistipps f\u00fcr die schnelle und korrekte Anwendung von FABelF vorgestellt: Arbeit mit Honorarvertr\u00e4gen FABelF Funktionen im Detail<\/p>\n","protected":false},"author":2,"featured_media":0,"parent":179,"menu_order":0,"comment_status":"closed","ping_status":"closed","template":"","meta":{"footnotes":""},"class_list":["post-861","page","type-page","status-publish","hentry","entry"],"_links":{"self":[{"href":"https:\/\/fabelf.de\/gta-portal\/wp-json\/wp\/v2\/pages\/861","targetHints":{"allow":["GET"]}}],"collection":[{"href":"https:\/\/fabelf.de\/gta-portal\/wp-json\/wp\/v2\/pages"}],"about":[{"href":"https:\/\/fabelf.de\/gta-portal\/wp-json\/wp\/v2\/types\/page"}],"author":[{"embeddable":true,"href":"https:\/\/fabelf.de\/gta-portal\/wp-json\/wp\/v2\/users\/2"}],"replies":[{"embeddable":true,"href":"https:\/\/fabelf.de\/gta-portal\/wp-json\/wp\/v2\/comments?post=861"}],"version-history":[{"count":6,"href":"https:\/\/fabelf.de\/gta-portal\/wp-json\/wp\/v2\/pages\/861\/revisions"}],"predecessor-version":[{"id":1629,"href":"https:\/\/fabelf.de\/gta-portal\/wp-json\/wp\/v2\/pages\/861\/revisions\/1629"}],"up":[{"embeddable":true,"href":"https:\/\/fabelf.de\/gta-portal\/wp-json\/wp\/v2\/pages\/179"}],"wp:attachment":[{"href":"https:\/\/fabelf.de\/gta-portal\/wp-json\/wp\/v2\/media?parent=861"}],"curies":[{"name":"wp","href":"https:\/\/api.w.org\/{rel}","templated":true}]}}